{"id":16304,"date":"2015-10-20T10:24:42","date_gmt":"2015-10-20T08:24:42","guid":{"rendered":"http:\/\/www.amazingbridge.be\/?page_id=16304"},"modified":"2015-12-28T16:26:43","modified_gmt":"2015-12-28T15:26:43","slug":"un-jeu-de-chance","status":"publish","type":"page","link":"https:\/\/www.amazingbridge.be\/?page_id=16304","title":{"rendered":"Un jeu de chance ?"},"content":{"rendered":"<p>[vc_row row_type=\u00a0\u00bbrow\u00a0\u00bb use_row_as_full_screen_section=\u00a0\u00bbno\u00a0\u00bb type=\u00a0\u00bbgrid\u00a0\u00bb text_align=\u00a0\u00bbleft\u00a0\u00bb background_image_as_pattern=\u00a0\u00bbwithout_pattern\u00a0\u00bb padding_top=\u00a0\u00bb27&Prime;][vc_column width=\u00a0\u00bb1\/3&Prime;][vc_single_image image=\u00a0\u00bb16352&Prime; alignment=\u00a0\u00bbcenter\u00a0\u00bb border_color=\u00a0\u00bbgrey\u00a0\u00bb img_link_target=\u00a0\u00bb_self\u00a0\u00bb transition_delay=\u00a0\u00bb0,03&Prime; img_size=\u00a0\u00bblarge\u00a0\u00bb][\/vc_column][vc_column width=\u00a0\u00bb2\/3&Prime;][vc_empty_space height=\u00a0\u00bb32px\u00a0\u00bb][vc_column_text]<\/p>\n<h2 style=\"text-align: center;\"><span style=\"color: #ffffff;\">Un jeu de chance?<\/span><\/h2>\n<p>[\/vc_column_text][vc_empty_space height=\u00a0\u00bb32px\u00a0\u00bb][vc_column_text]<\/p>\n<p><span style=\"color: #ffffff;\">Eh bien non. Tel qu\u2019il est pratiqu\u00e9 en comp\u00e9tition, le bridge n\u2019est plus un jeu de chance. On compare en effet des joueurs qui ont les m\u00eames cartes entre les mains, comme au Scrabble duplicate, dans lequel tous les joueurs re\u00e7oivent les m\u00eames lettres. Bref, il ne suffit pas d\u2019avoir beaucoup d\u2019as et de rois, encore faut-il en faire bon usage. De m\u00eame, le fait d\u2019avoir des cartes moins all\u00e9chantes ne vous emp\u00eachera pas de faire un excellent r\u00e9sultat. Comme dirait votre grand-m\u00e8re, le talent finit toujours par payer.<\/span><\/p>\n<p>[\/vc_column_text][vc_empty_space height=\u00a0\u00bb32px\u00a0\u00bb][\/vc_column][\/vc_row]<\/p>\n","protected":false},"excerpt":{"rendered":"<p>[vc_row row_type=\u00a0\u00bbrow\u00a0\u00bb use_row_as_full_screen_section=\u00a0\u00bbno\u00a0\u00bb type=\u00a0\u00bbgrid\u00a0\u00bb text_align=\u00a0\u00bbleft\u00a0\u00bb background_image_as_pattern=\u00a0\u00bbwithout_pattern\u00a0\u00bb padding_top=\u00a0\u00bb27&Prime;][vc_column width=\u00a0\u00bb1\/3&Prime;][vc_single_image image=\u00a0\u00bb16352&Prime; alignment=\u00a0\u00bbcenter\u00a0\u00bb border_color=\u00a0\u00bbgrey\u00a0\u00bb img_link_target=\u00a0\u00bb_self\u00a0\u00bb transition_delay=\u00a0\u00bb0,03&Prime; img_size=\u00a0\u00bblarge\u00a0\u00bb][\/vc_column][vc_column width=\u00a0\u00bb2\/3&Prime;][vc_empty_space height=\u00a0\u00bb32px\u00a0\u00bb][vc_column_text] Un jeu de chance? [\/vc_column_text][vc_empty_space height=\u00a0\u00bb32px\u00a0\u00bb][vc_column_text] Eh bien non. Tel qu\u2019il est pratiqu\u00e9 en comp\u00e9tition, le bridge n\u2019est plus un jeu de chance. On compare en effet des joueurs&#8230;<\/p>\n","protected":false},"author":3,"featured_media":0,"parent":0,"menu_order":0,"comment_status":"closed","ping_status":"closed","template":"full_width.php","meta":[],"_links":{"self":[{"href":"https:\/\/www.amazingbridge.be\/index.php?rest_route=\/wp\/v2\/pages\/16304"}],"collection":[{"href":"https:\/\/www.amazingbridge.be\/index.php?rest_route=\/wp\/v2\/pages"}],"about":[{"href":"https:\/\/www.amazingbridge.be\/index.php?rest_route=\/wp\/v2\/types\/page"}],"author":[{"embeddable":true,"href":"https:\/\/www.amazingbridge.be\/index.php?rest_route=\/wp\/v2\/users\/3"}],"replies":[{"embeddable":true,"href":"https:\/\/www.amazingbridge.be\/index.php?rest_route=%2Fwp%2Fv2%2Fcomments&post=16304"}],"version-history":[{"count":9,"href":"https:\/\/www.amazingbridge.be\/index.php?rest_route=\/wp\/v2\/pages\/16304\/revisions"}],"predecessor-version":[{"id":16366,"href":"https:\/\/www.amazingbridge.be\/index.php?rest_route=\/wp\/v2\/pages\/16304\/revisions\/16366"}],"wp:attachment":[{"href":"https:\/\/www.amazingbridge.be\/index.php?rest_route=%2Fwp%2Fv2%2Fmedia&parent=16304"}],"curies":[{"name":"wp","href":"https:\/\/api.w.org\/{rel}","templated":true}]}}