{"id":13649,"date":"2014-03-25T09:52:17","date_gmt":"2014-03-25T09:52:17","guid":{"rendered":"http:\/\/demo.qodeinteractive.com\/bridge39\/?page_id=13649"},"modified":"2015-12-28T16:24:56","modified_gmt":"2015-12-28T15:24:56","slug":"buttons","status":"publish","type":"page","link":"https:\/\/www.amazingbridge.be\/?page_id=13649","title":{"rendered":"Aussi excitant que le poker"},"content":{"rendered":"<p>[vc_row row_type=\u00a0\u00bbrow\u00a0\u00bb type=\u00a0\u00bbgrid\u00a0\u00bb text_align=\u00a0\u00bbleft\u00a0\u00bb padding_top=\u00a0\u00bb27&Prime; background_color=\u00a0\u00bb#e0081e\u00a0\u00bb padding_bottom=\u00a0\u00bb0&Prime; use_row_as_full_screen_section=\u00a0\u00bbno\u00a0\u00bb background_image_as_pattern=\u00a0\u00bbwith_pattern\u00a0\u00bb][vc_column width=\u00a0\u00bb1\/3&Prime;][vc_single_image image=\u00a0\u00bb16358&Prime; border_color=\u00a0\u00bbgrey\u00a0\u00bb img_link_target=\u00a0\u00bb_self\u00a0\u00bb transition_delay=\u00a0\u00bb0,03&Prime; alignment=\u00a0\u00bbcenter\u00a0\u00bb img_size=\u00a0\u00bblarge\u00a0\u00bb][\/vc_column][vc_column width=\u00a0\u00bb2\/3&Prime;][vc_empty_space height=\u00a0\u00bb32px\u00a0\u00bb][vc_column_text]<\/p>\n<h2 style=\"text-align: center;\"><span style=\"color: #ffffff;\">Aussi excitant que le poker<\/span><\/h2>\n<p>[\/vc_column_text][vc_empty_space height=\u00a0\u00bb32px\u00a0\u00bb][vc_column_text]<\/p>\n<p><span style=\"color: #ffffff;\">D\u00e9finitivement oui. Comme le poker, le bridge est une affaire d\u2019intuition, de feeling, de statistiques, d\u2019inf\u00e9rences, de suspense et d\u2019\u00e9motion. Avec un avantage sur le poker, une excitation neuronale suppl\u00e9mentaire. Et un avantage humain incontestable puisque le bridge se joue \u00e0 deux. Viennent donc s\u2019y ajouter l\u2019esprit d\u2019\u00e9quipe, le sens de la communication, la compr\u00e9hension de l\u2019autre, sans oublier parfois de tr\u00e8s excitantes engueulades.<\/span><\/p>\n<p>[\/vc_column_text][vc_empty_space height=\u00a0\u00bb32px\u00a0\u00bb][\/vc_column][\/vc_row]<\/p>\n","protected":false},"excerpt":{"rendered":"<p>[vc_row row_type=\u00a0\u00bbrow\u00a0\u00bb type=\u00a0\u00bbgrid\u00a0\u00bb text_align=\u00a0\u00bbleft\u00a0\u00bb padding_top=\u00a0\u00bb27&Prime; background_color=\u00a0\u00bb#e0081e\u00a0\u00bb padding_bottom=\u00a0\u00bb0&Prime; use_row_as_full_screen_section=\u00a0\u00bbno\u00a0\u00bb background_image_as_pattern=\u00a0\u00bbwith_pattern\u00a0\u00bb][vc_column width=\u00a0\u00bb1\/3&Prime;][vc_single_image image=\u00a0\u00bb16358&Prime; border_color=\u00a0\u00bbgrey\u00a0\u00bb img_link_target=\u00a0\u00bb_self\u00a0\u00bb transition_delay=\u00a0\u00bb0,03&Prime; alignment=\u00a0\u00bbcenter\u00a0\u00bb img_size=\u00a0\u00bblarge\u00a0\u00bb][\/vc_column][vc_column width=\u00a0\u00bb2\/3&Prime;][vc_empty_space height=\u00a0\u00bb32px\u00a0\u00bb][vc_column_text] Aussi excitant que le poker [\/vc_column_text][vc_empty_space height=\u00a0\u00bb32px\u00a0\u00bb][vc_column_text] D\u00e9finitivement oui. Comme le poker, le bridge est une affaire d\u2019intuition, de feeling, de statistiques, d\u2019inf\u00e9rences, de suspense et d\u2019\u00e9motion&#8230;.<\/p>\n","protected":false},"author":3,"featured_media":0,"parent":0,"menu_order":0,"comment_status":"open","ping_status":"open","template":"full_width.php","meta":[],"_links":{"self":[{"href":"https:\/\/www.amazingbridge.be\/index.php?rest_route=\/wp\/v2\/pages\/13649"}],"collection":[{"href":"https:\/\/www.amazingbridge.be\/index.php?rest_route=\/wp\/v2\/pages"}],"about":[{"href":"https:\/\/www.amazingbridge.be\/index.php?rest_route=\/wp\/v2\/types\/page"}],"author":[{"embeddable":true,"href":"https:\/\/www.amazingbridge.be\/index.php?rest_route=\/wp\/v2\/users\/3"}],"replies":[{"embeddable":true,"href":"https:\/\/www.amazingbridge.be\/index.php?rest_route=%2Fwp%2Fv2%2Fcomments&post=13649"}],"version-history":[{"count":20,"href":"https:\/\/www.amazingbridge.be\/index.php?rest_route=\/wp\/v2\/pages\/13649\/revisions"}],"predecessor-version":[{"id":16361,"href":"https:\/\/www.amazingbridge.be\/index.php?rest_route=\/wp\/v2\/pages\/13649\/revisions\/16361"}],"wp:attachment":[{"href":"https:\/\/www.amazingbridge.be\/index.php?rest_route=%2Fwp%2Fv2%2Fmedia&parent=13649"}],"curies":[{"name":"wp","href":"https:\/\/api.w.org\/{rel}","templated":true}]}}